{"id":1231,"date":"2014-02-28T01:16:38","date_gmt":"2014-02-27T16:16:38","guid":{"rendered":"http:\/\/wunderkammer.oops.jp\/main\/?page_id=1231"},"modified":"2014-10-19T11:21:34","modified_gmt":"2014-10-19T02:21:34","slug":"%e3%82%a2%e3%83%a1%e3%83%aa%e3%82%ab%e5%a4%a7%e7%b5%b1%e9%a0%98%e5%88%a5%e6%97%a5%e7%b1%b3%e9%96%a2%e4%bf%82%e4%b8%80%e8%a6%a7","status":"publish","type":"page","link":"https:\/\/wunderkammer.oops.jp\/main\/cabinet-of-curiosity\/%e3%82%a2%e3%83%a1%e3%83%aa%e3%82%ab%e5%a4%a7%e7%b5%b1%e9%a0%98%e5%88%a5%e6%97%a5%e7%b1%b3%e9%96%a2%e4%bf%82%e4%b8%80%e8%a6%a7","title":{"rendered":"\u30a2\u30e1\u30ea\u30ab\u5927\u7d71\u9818\u5225\u65e5\u7c73\u95a2\u4fc2\u4e00\u89a7"},"content":{"rendered":"<p>&nbsp;<\/p>\n<p>\u30c1\u30af\u30c1\u30af\u3068\u8abf\u3079\u305f\u5927\u7d71\u9818\u5225\u4e3b\u306a\u65e5\u7c73\u9593\u306e\u4e8b\u4ef6\u30ea\u30b9\u30c8\u3002\u4e8b\u4ef6\u3084\u3089\u51fa\u6765\u4e8b\u306f\u78ba\u304b\u5c71\u5ddd\u306e\u4e16\u754c\u53f2\u304b\u65e5\u672c\u53f2\u3092\u53c2\u8003\u306b\u30ea\u30b9\u30c8\u30a2\u30c3\u30d7\u3057\u3066\u3044\u305f\u306e\u3067\u3001\u7db2\u7f85\u6027\u306f\u3042\u3093\u307e\u308a\u3042\u308a\u307e\u305b\u3093\u3002\u5927\u5b66\u6642\u4ee3\u306b\u4f5c\u3063\u3066\u4eca\u66f4\u66f4\u65b0\u3059\u308b\u6c17\u304c\u6e67\u304b\u306a\u3044\u306e\u3067\u3001\uff12\uff10\uff10\uff14\u5e74\u3067\u6b62\u307e\u3063\u3066\u3044\u307e\u3059\u3002<\/p>\n<p>&nbsp;<\/p>\n<p>&#8212;Franklin Pierce 1853-57 <strong><span style=\"color: #ff0080;\">Democratic<\/span><\/strong><br \/>\n1853 Perry first visited Japan<br \/>\n1854 Convention of Kanagawa (Nichibei Washin J\u014dyaku)<\/p>\n<p>&#8212;James Buchanan 1857-61 <strong><span style=\"color: #ff0080;\">Democratic<\/span><\/strong><br \/>\n1858 The Treaty of Amity and Commerce (Nichibei Sh\u016bk\u014d Ts\u016bsh\u014d J\u014dyaku)<\/p>\n<p>&#8212;Abraham Lincoln 1861-65 <strong><span style=\"color: #0080ff;\">Republican<\/span><\/strong><br \/>\n1864 Bombardment of Shimonoseki<\/p>\n<p>&#8212;Andrew Johnson 1865-69 <strong>no party affiliation<\/strong> (~64, 69~: <strong><span style=\"color: #ff0080;\">Democratic<\/span><\/strong>)<br \/>\n1867 The Emperor regained the power<br \/>\n1868 Boshin War, announcement toward foreign states that the Emperor regained the power<\/p>\n<p>&#8212;Ulysses S. Grant 1869-77 <strong><span style=\"color: #0080ff;\">Republican<\/span><\/strong><br \/>\n1871~73 Treaty Revision Trip to Europe and the U.S.<br \/>\n1874 Sent troop to Taiwan<br \/>\n1875 Treaty of Saint Petersburg<br \/>\n1877 The Satsuma Rebellion (Seinan Sens\u014d)<\/p>\n<p>&#8212;Rutherford B. Hayes 1877-81 <strong><span style=\"color: #0080ff;\">Republican<\/span><\/strong><\/p>\n<p>&#8212;James Garfield 1881 <strong><span style=\"color: #0080ff;\">Republican<\/span><\/strong><\/p>\n<p>&#8212;Chester A. Arthur 1881-85 <strong><span style=\"color: #0080ff;\">Republican<\/span><\/strong><br \/>\n1885 First Cabinet<\/p>\n<p>&#8212;Grover Cleveland 1885-89 <strong><span style=\"color: #ff0080;\">Democratic<\/span><\/strong><br \/>\n1886 Normanton Incident, Treaty Revision Negotiation<br \/>\n1889 The Constitution of the Empire of Japan (Meiji Constitution)<\/p>\n<p>&#8212;Benjamin Harrison 1889-93 <strong><span style=\"color: #0080ff;\">Republican<\/span><\/strong><\/p>\n<p>&#8212;Grover Cleveland 1893-97 <strong><span style=\"color: #ff0080;\">Democratic<\/span><\/strong><br \/>\n1894 First Sino-Japanese War (Nisshin Sensou)<br \/>\n1895 Treaty of Shimonoseki (Shimonoseki J\u014dyaku)<\/p>\n<p>&#8212;William McKinley 1897-1901 <strong><span style=\"color: #0080ff;\">Republican<\/span><\/strong><br \/>\n1899 Revision of the Treaty (ex-territoriality)<br \/>\n1900 Boxer Rebellion<br \/>\n1901 Boxer Protocol<\/p>\n<p>&#8212;Theodore Roosevelt 1901-09 <strong><span style=\"color: #0080ff;\">Republican<\/span><\/strong><br \/>\n1902 Anglo-Japanese Alliance (Nichi-Ei D\u014dmei)<br \/>\n1904 Russo-Japanese War<br \/>\n1905 Treaty of Portsmouth, Rejection of Harriman&#8217;s suggestion about railroad in Manchuria<br \/>\n1906 Movement of exclusion of Japanese in the U.S.<br \/>\n1907 Gentleman&#8217;s agreement about Japanese immigration<br \/>\n1909 Rejection of Knox&#8217;s (Secretary of State) suggestion about Manchuria<\/p>\n<p>&#8212;William Howard Taft 1909-13 <strong><span style=\"color: #0080ff;\">Republican<\/span><\/strong><br \/>\n1910 Korea under Japanese rule, US gave money to China<br \/>\n1911 Revision of the Treaty (tariff autonomy)<\/p>\n<p>&#8212;Woodrow Wilson 1913-21 <strong><span style=\"color: #ff0080;\">Democratic<\/span><\/strong><br \/>\n1914 Siemens scandal, World War I<br \/>\n1915 Twenty-One Demands<br \/>\n1917 Lansing-Ishii Agreement<br \/>\n1918 Polar Bear Expedition, Wilson&#8217;s 14 Points<br \/>\n1919 Treaty of Versailles<br \/>\n1920 League of Nations<br \/>\n1921 Washington Naval Conference, Four-Power Treaty<\/p>\n<p>&#8212;Warren G. Harding 1921-23 <strong><span style=\"color: #0080ff;\">Republican<\/span><\/strong><br \/>\n1922 Nine-Power Treaty, Washington Naval Treaty<\/p>\n<p>&#8212;Calvin Coolidge 1923-29 <strong><span style=\"color: #0080ff;\">Republican<\/span><\/strong><br \/>\n1924 Immigration Act of 1924<br \/>\n1925 Open the relation with Soviet union<br \/>\n1927 Banking Crisis in Japan<br \/>\n1928 Huanggutun Incident, Disarmament Treaty<\/p>\n<p>&#8212;Herbert Hoover 1929-33 <strong><span style=\"color: #0080ff;\">Republican<\/span><\/strong><br \/>\n1929 Geneva Disarmament Conference, World Depression<br \/>\n1930 London Naval Treaty<br \/>\n1931 Mukden Incident (Manchurian Incident)<br \/>\n1933 Left from the League of nations (Japan)<\/p>\n<p>&#8212;Franklin D. Roosevelt 1933-45 <strong><span style=\"color: #ff0080;\">Democratic<\/span><\/strong><br \/>\n1937 Marco Polo Bridge Incident<br \/>\n1939 World War II, Cancellation of commerce and navigation treaty (from U.S.)<br \/>\n1940 Tripartite Pact (Axis Pact), Occupation of North Indochina<br \/>\n1941 Soviet-Japanese Neutrality Pact, Start the negotiation between Japan-US, Occupation of South Indochina, Atlantic Charter, Hull note, Pacific War<br \/>\n1942 Battle of Midway<br \/>\n1943 Cairo Declaration<br \/>\n1945 Bombing of Tokyo in World War II, Yalta Conference, Atomic bombings of Hiroshima and Nagasaki, Acceptation the Potsdam Declaration, United Nations<\/p>\n<p>&#8212;Harry S. Truman 1945-53 <strong><span style=\"color: #ff0080;\">Democratic<\/span><\/strong><br \/>\n1946 Constitution of Japan, International Military Tribunal for the Far East<br \/>\n1948 Secret decision to traet Japan as a friend-state (in U.S.)<br \/>\n1950 Korean War<br \/>\n1951 Treaty of San Francisco, Security Treaty (between Japan and the U.S.), Pre-Self Defence Force<br \/>\n1952 Accession to IMF (Japan)<br \/>\n1953 Return of Amami Islands<\/p>\n<p>&#8212;Dwight D. Eisenhower 1953-61 <strong><span style=\"color: #0080ff;\">Republican<\/span><\/strong><br \/>\n1954 Birth of Japan Self Defence Force<br \/>\n1955 Accession to GATT (Japan)<br \/>\n1956 Resumption of Diplomatic Ties with Soviet Union<br \/>\n1960 Treaty of mutual cooperation and security between Japan and the United States of America<\/p>\n<p>&#8212;John F. Kennedy 1961-63 <strong><span style=\"color: #ff0080;\">Democratic<\/span><\/strong><\/p>\n<p>&#8212;Lyndon B. Johnson 1963-69 <strong><span style=\"color: #ff0080;\">Democratic<\/span><\/strong><br \/>\n1964 Accession to OECD (Japan)<br \/>\n1965 Treaty on Basic Relations between Japan and the Republic of Korea<br \/>\n1968 Return of Ogasawara Islands<\/p>\n<p>&#8212;Richard Nixon 1969-74 <strong><span style=\"color: #0080ff;\">Republican<\/span><\/strong><br \/>\n1971 Smithsonian Agreement<br \/>\n1972 Return of Okinawa, Resumption of Diplomatic Ties with People&#8217;s Republic of China<\/p>\n<p>&#8212;Gerald Ford 1974- 77 <strong><span style=\"color: #0080ff;\">Republican<\/span><\/strong><br \/>\n1976 Lockheed Scandal<\/p>\n<p>&#8212;Jimmy Carter 1977-81 <strong><span style=\"color: #ff0080;\">Democratic<\/span><\/strong><\/p>\n<p>&#8212;Ronald Reagan 1981-89 <strong><span style=\"color: #0080ff;\">Republican<\/span><\/strong><br \/>\n1988 Import liberalization on beef and orange (from U.S.)<br \/>\n1989 End of Japanese asset price bubble<\/p>\n<p>&#8212;George H. W. Bush 1989-91 <strong><span style=\"color: #0080ff;\">Republican<\/span><\/strong><br \/>\n1991 Gulf War, End of Cold War<\/p>\n<p>&#8212;Bill Clinton 1991-2001 <strong><span style=\"color: #ff0080;\">Democratic<\/span><\/strong><br \/>\n1992 Law of Peace Keeping Operation<br \/>\n1993 End of 55 years framework (in Japan)<br \/>\n1995 Sarin gas attack on the Tokyo subway<\/p>\n<p>&#8212;George W. Bush 2001~ <strong><span style=\"color: #0080ff;\">Republican<\/span><\/strong><br \/>\n2001 September 11<br \/>\n2003 Iraq War<br \/>\n2004 Deployment of Japanese troops to Iraq<\/p>\n<p>&nbsp;<\/p>\n","protected":false},"excerpt":{"rendered":"<p>&nbsp; \u30c1\u30af\u30c1\u30af\u3068\u8abf\u3079\u305f\u5927\u7d71\u9818\u5225\u4e3b\u306a\u65e5\u7c73\u9593\u306e\u4e8b\u4ef6\u30ea\u30b9\u30c8\u3002\u4e8b\u4ef6\u3084\u3089\u51fa\u6765\u4e8b\u306f\u78ba\u304b\u5c71\u5ddd\u306e\u4e16\u754c\u53f2\u304b\u65e5\u672c\u53f2\u3092\u53c2\u8003\u306b\u30ea\u30b9\u30c8\u30a2\u30c3\u30d7\u3057\u3066\u3044\u305f\u306e\u3067\u3001\u7db2\u7f85\u6027\u306f\u3042\u3093\u307e\u308a\u3042\u308a\u307e\u305b\u3093\u3002\u5927\u5b66\u6642\u4ee3\u306b\u4f5c\u3063\u3066\u4eca\u66f4\u66f4\u65b0\u3059\u308b\u6c17\u304c\u6e67\u304b\u306a\u3044\u306e\u3067\u3001\uff12\uff10\uff10\uff14\u5e74 [&hellip;]<\/p>\n","protected":false},"author":1,"featured_media":0,"parent":1209,"menu_order":3,"comment_status":"closed","ping_status":"closed","template":"","meta":{"footnotes":""},"class_list":["post-1231","page","type-page","status-publish","hentry"],"_links":{"self":[{"href":"https:\/\/wunderkammer.oops.jp\/main\/wp-json\/wp\/v2\/pages\/1231","targetHints":{"allow":["GET"]}}],"collection":[{"href":"https:\/\/wunderkammer.oops.jp\/main\/wp-json\/wp\/v2\/pages"}],"about":[{"href":"https:\/\/wunderkammer.oops.jp\/main\/wp-json\/wp\/v2\/types\/page"}],"author":[{"embeddable":true,"href":"https:\/\/wunderkammer.oops.jp\/main\/wp-json\/wp\/v2\/users\/1"}],"replies":[{"embeddable":true,"href":"https:\/\/wunderkammer.oops.jp\/main\/wp-json\/wp\/v2\/comments?post=1231"}],"version-history":[{"count":2,"href":"https:\/\/wunderkammer.oops.jp\/main\/wp-json\/wp\/v2\/pages\/1231\/revisions"}],"predecessor-version":[{"id":1233,"href":"https:\/\/wunderkammer.oops.jp\/main\/wp-json\/wp\/v2\/pages\/1231\/revisions\/1233"}],"up":[{"embeddable":true,"href":"https:\/\/wunderkammer.oops.jp\/main\/wp-json\/wp\/v2\/pages\/1209"}],"wp:attachment":[{"href":"https:\/\/wunderkammer.oops.jp\/main\/wp-json\/wp\/v2\/media?parent=1231"}],"curies":[{"name":"wp","href":"https:\/\/api.w.org\/{rel}","templated":true}]}}